{"id":14714,"date":"2023-02-06T18:46:04","date_gmt":"2023-02-06T16:46:04","guid":{"rendered":"https:\/\/farineracoromina.com\/?post_type=product&#038;p=14714"},"modified":"2023-03-30T12:05:15","modified_gmt":"2023-03-30T10:05:15","slug":"es-harina-de-girona-2","status":"publish","type":"product","link":"https:\/\/farineracoromina.com\/fr\/producte\/es-harina-de-girona-2\/","title":{"rendered":"Es Harina de Girona 2"},"content":{"rendered":"","protected":false},"excerpt":{"rendered":"<p>Harina panificable premium ideal para trabajo en directo.<\/p>\n<p>Esta harina de Km 0 es ideal para hacer las barras tradicionales de Girona, m\u00e1s sabrosas, con un buen volumen y un nivel de hidrataci\u00f3n m\u00e1s alta de la habitual. Es perfecta para hacer cualquier tipo de pieza que requiera una harina suave y extensible.<\/p>\n","protected":false},"featured_media":15329,"comment_status":"closed","ping_status":"closed","template":"","meta":{"_acf_changed":false},"product_brand":[],"product_cat":[216,212,222],"product_tag":[],"class_list":{"0":"post-14714","1":"product","2":"type-product","3":"status-publish","4":"has-post-thumbnail","6":"product_cat-es-harina-de-girona-km0","7":"product_cat-harinas-especiales","8":"product_cat-harinas-para-pan","9":"pa_format-25kg-es-2","11":"first","12":"instock","13":"shipping-taxable","14":"product-type-simple"},"acf":[],"_links":{"self":[{"href":"https:\/\/farineracoromina.com\/fr\/wp-json\/wp\/v2\/product\/14714","targetHints":{"allow":["GET"]}}],"collection":[{"href":"https:\/\/farineracoromina.com\/fr\/wp-json\/wp\/v2\/product"}],"about":[{"href":"https:\/\/farineracoromina.com\/fr\/wp-json\/wp\/v2\/types\/product"}],"replies":[{"embeddable":true,"href":"https:\/\/farineracoromina.com\/fr\/wp-json\/wp\/v2\/comments?post=14714"}],"wp:featuredmedia":[{"embeddable":true,"href":"https:\/\/farineracoromina.com\/fr\/wp-json\/wp\/v2\/media\/15329"}],"wp:attachment":[{"href":"https:\/\/farineracoromina.com\/fr\/wp-json\/wp\/v2\/media?parent=14714"}],"wp:term":[{"taxonomy":"product_brand","embeddable":true,"href":"https:\/\/farineracoromina.com\/fr\/wp-json\/wp\/v2\/product_brand?post=14714"},{"taxonomy":"product_cat","embeddable":true,"href":"https:\/\/farineracoromina.com\/fr\/wp-json\/wp\/v2\/product_cat?post=14714"},{"taxonomy":"product_tag","embeddable":true,"href":"https:\/\/farineracoromina.com\/fr\/wp-json\/wp\/v2\/product_tag?post=14714"}],"curies":[{"name":"wp","href":"https:\/\/api.w.org\/{rel}","templated":true}]}}