{"id":14716,"date":"2023-02-06T18:47:34","date_gmt":"2023-02-06T16:47:34","guid":{"rendered":"https:\/\/farineracoromina.com\/?post_type=product&#038;p=14716"},"modified":"2023-03-30T12:04:17","modified_gmt":"2023-03-30T10:04:17","slug":"harina-3","status":"publish","type":"product","link":"https:\/\/farineracoromina.com\/fr\/producte\/harina-3\/","title":{"rendered":"Harina 3"},"content":{"rendered":"","protected":false},"excerpt":{"rendered":"<p class=\"western\" lang=\"ca-ES\"><span lang=\"es-ES\"><strong>Harina muy polivalente<\/strong> capaz de aguantar procesos de fermentaci\u00f3n largos e hidrataciones de media-altas con o sin masa madre natural. Est\u00e1 dise\u00f1ada para la elaboraci\u00f3n de pan com\u00fan en directo, en bloque en fr\u00edo o en fermentaci\u00f3n controlada.<\/span><\/p>\n","protected":false},"featured_media":15325,"comment_status":"closed","ping_status":"closed","template":"","meta":{"_acf_changed":false},"product_brand":[],"product_cat":[220,217,222],"product_tag":[],"class_list":{"0":"post-14716","1":"product","2":"type-product","3":"status-publish","4":"has-post-thumbnail","6":"product_cat-harinas-de-media-fuerza","7":"product_cat-harinas-originales","8":"product_cat-harinas-para-pan","10":"first","11":"instock","12":"shipping-taxable","13":"product-type-simple"},"acf":[],"_links":{"self":[{"href":"https:\/\/farineracoromina.com\/fr\/wp-json\/wp\/v2\/product\/14716","targetHints":{"allow":["GET"]}}],"collection":[{"href":"https:\/\/farineracoromina.com\/fr\/wp-json\/wp\/v2\/product"}],"about":[{"href":"https:\/\/farineracoromina.com\/fr\/wp-json\/wp\/v2\/types\/product"}],"replies":[{"embeddable":true,"href":"https:\/\/farineracoromina.com\/fr\/wp-json\/wp\/v2\/comments?post=14716"}],"wp:featuredmedia":[{"embeddable":true,"href":"https:\/\/farineracoromina.com\/fr\/wp-json\/wp\/v2\/media\/15325"}],"wp:attachment":[{"href":"https:\/\/farineracoromina.com\/fr\/wp-json\/wp\/v2\/media?parent=14716"}],"wp:term":[{"taxonomy":"product_brand","embeddable":true,"href":"https:\/\/farineracoromina.com\/fr\/wp-json\/wp\/v2\/product_brand?post=14716"},{"taxonomy":"product_cat","embeddable":true,"href":"https:\/\/farineracoromina.com\/fr\/wp-json\/wp\/v2\/product_cat?post=14716"},{"taxonomy":"product_tag","embeddable":true,"href":"https:\/\/farineracoromina.com\/fr\/wp-json\/wp\/v2\/product_tag?post=14716"}],"curies":[{"name":"wp","href":"https:\/\/api.w.org\/{rel}","templated":true}]}}