{"id":14722,"date":"2023-02-06T19:13:08","date_gmt":"2023-02-06T17:13:08","guid":{"rendered":"https:\/\/farineracoromina.com\/?post_type=product&#038;p=14722"},"modified":"2023-03-24T13:13:57","modified_gmt":"2023-03-24T11:13:57","slug":"harina-de-maiz","status":"publish","type":"product","link":"https:\/\/farineracoromina.com\/fr\/producte\/harina-de-maiz\/","title":{"rendered":"Harina de Ma\u00edz"},"content":{"rendered":"","protected":false},"excerpt":{"rendered":"<p>Nuestra harina de ma\u00edz est\u00e1 elaborada con <strong>100 % de ma\u00edz amarillo<\/strong>. Se usa de manera general en masas escaldadas con unos porcentajes elevados de agua (150%) para integrarla f\u00e1cilmente a f\u00f3rmulas de panes de espelta y ma\u00edz, por ejemplo. Tambi\u00e9n se puede utilizar para espolvorear las telas de lino o una vez mezclada con harina panificable tradicional para dar un toque crujiente a las cortezas de los panes r\u00fasticos, por ejemplo.<\/p>\n","protected":false},"featured_media":14462,"comment_status":"closed","ping_status":"closed","template":"","meta":{"_acf_changed":false},"product_brand":[],"product_cat":[222,209],"product_tag":[],"class_list":{"0":"post-14722","1":"product","2":"type-product","3":"status-publish","4":"has-post-thumbnail","6":"product_cat-harinas-para-pan","7":"product_cat-otros-cereales","9":"first","10":"instock","11":"shipping-taxable","12":"product-type-simple"},"acf":[],"_links":{"self":[{"href":"https:\/\/farineracoromina.com\/fr\/wp-json\/wp\/v2\/product\/14722","targetHints":{"allow":["GET"]}}],"collection":[{"href":"https:\/\/farineracoromina.com\/fr\/wp-json\/wp\/v2\/product"}],"about":[{"href":"https:\/\/farineracoromina.com\/fr\/wp-json\/wp\/v2\/types\/product"}],"replies":[{"embeddable":true,"href":"https:\/\/farineracoromina.com\/fr\/wp-json\/wp\/v2\/comments?post=14722"}],"wp:featuredmedia":[{"embeddable":true,"href":"https:\/\/farineracoromina.com\/fr\/wp-json\/wp\/v2\/media\/14462"}],"wp:attachment":[{"href":"https:\/\/farineracoromina.com\/fr\/wp-json\/wp\/v2\/media?parent=14722"}],"wp:term":[{"taxonomy":"product_brand","embeddable":true,"href":"https:\/\/farineracoromina.com\/fr\/wp-json\/wp\/v2\/product_brand?post=14722"},{"taxonomy":"product_cat","embeddable":true,"href":"https:\/\/farineracoromina.com\/fr\/wp-json\/wp\/v2\/product_cat?post=14722"},{"taxonomy":"product_tag","embeddable":true,"href":"https:\/\/farineracoromina.com\/fr\/wp-json\/wp\/v2\/product_tag?post=14722"}],"curies":[{"name":"wp","href":"https:\/\/api.w.org\/{rel}","templated":true}]}}