{"id":14727,"date":"2023-02-06T19:41:55","date_gmt":"2023-02-06T17:41:55","guid":{"rendered":"https:\/\/farineracoromina.com\/?post_type=product&#038;p=14727"},"modified":"2024-04-09T15:50:07","modified_gmt":"2024-04-09T13:50:07","slug":"harina-de-centeno-bio-t130","status":"publish","type":"product","link":"https:\/\/farineracoromina.com\/fr\/producte\/harina-de-centeno-bio-t130\/","title":{"rendered":"Harina de Centeno BIO T130"},"content":{"rendered":"","protected":false},"excerpt":{"rendered":"<p>La harina de centeno ecol\u00f3gico T 130 a la piedra es una harina ecol\u00f3gica semi-integral rica en fibra. Se puede utilizar tal cual por la elaboraci\u00f3n de masas madres ecol\u00f3gica de centeno. Tambi\u00e9n se puede utilizar para la elaboraci\u00f3n de los famosos \u201cSeigle Auvergnat\u201d 100% de centeno con masa madre de centeno. Tambi\u00e9n permitir\u00e1 elaborar unos panes de molde r\u00fasticos deliciosos y tiernos.<\/p>\n","protected":false},"featured_media":17168,"comment_status":"closed","ping_status":"closed","template":"","meta":{"_acf_changed":false},"product_brand":[],"product_cat":[222,230,234],"product_tag":[],"class_list":{"0":"post-14727","1":"product","2":"type-product","3":"status-publish","4":"has-post-thumbnail","6":"product_cat-harinas-para-pan","7":"product_cat-moulin-de-colagne-es","8":"product_cat-otros-cereales-a-la-piedra-bio","10":"first","11":"instock","12":"shipping-taxable","13":"product-type-simple"},"acf":[],"_links":{"self":[{"href":"https:\/\/farineracoromina.com\/fr\/wp-json\/wp\/v2\/product\/14727","targetHints":{"allow":["GET"]}}],"collection":[{"href":"https:\/\/farineracoromina.com\/fr\/wp-json\/wp\/v2\/product"}],"about":[{"href":"https:\/\/farineracoromina.com\/fr\/wp-json\/wp\/v2\/types\/product"}],"replies":[{"embeddable":true,"href":"https:\/\/farineracoromina.com\/fr\/wp-json\/wp\/v2\/comments?post=14727"}],"wp:featuredmedia":[{"embeddable":true,"href":"https:\/\/farineracoromina.com\/fr\/wp-json\/wp\/v2\/media\/17168"}],"wp:attachment":[{"href":"https:\/\/farineracoromina.com\/fr\/wp-json\/wp\/v2\/media?parent=14727"}],"wp:term":[{"taxonomy":"product_brand","embeddable":true,"href":"https:\/\/farineracoromina.com\/fr\/wp-json\/wp\/v2\/product_brand?post=14727"},{"taxonomy":"product_cat","embeddable":true,"href":"https:\/\/farineracoromina.com\/fr\/wp-json\/wp\/v2\/product_cat?post=14727"},{"taxonomy":"product_tag","embeddable":true,"href":"https:\/\/farineracoromina.com\/fr\/wp-json\/wp\/v2\/product_tag?post=14727"}],"curies":[{"name":"wp","href":"https:\/\/api.w.org\/{rel}","templated":true}]}}