{"id":14728,"date":"2023-02-06T18:45:15","date_gmt":"2023-02-06T16:45:15","guid":{"rendered":"https:\/\/farineracoromina.com\/?post_type=product&#038;p=14728"},"modified":"2023-03-24T13:13:52","modified_gmt":"2023-03-24T11:13:52","slug":"harina-de-centeno-t130","status":"publish","type":"product","link":"https:\/\/farineracoromina.com\/fr\/producte\/harina-de-centeno-t130\/","title":{"rendered":"Harina de Centeno T130"},"content":{"rendered":"","protected":false},"excerpt":{"rendered":"<p>La harina de Centeno T130 a la piedra de Moulin de Colagne es una harina semi-integral rica en fibra que se puede utilizar directamente para la elaboraci\u00f3n de masas madre de centeno o bien mezclada con la Harina Pirineos para la elaboraci\u00f3n de panes r\u00fasticos. La Harina de Centeno T130 es ideal para la elaboraci\u00f3n de los famosos \u201c<strong>Seigle Auvergnat<\/strong>\u201d 100 % centeno con masa madre de centeno.  Tambi\u00e9n se puede asociar a harinas de fuerza para conseguir panes de molde r\u00fasticos muy gustosos y tiernos.<\/p>\n","protected":false},"featured_media":17168,"comment_status":"closed","ping_status":"closed","template":"","meta":{"_acf_changed":false},"product_brand":[],"product_cat":[222,230,233],"product_tag":[],"class_list":{"0":"post-14728","1":"product","2":"type-product","3":"status-publish","4":"has-post-thumbnail","6":"product_cat-harinas-para-pan","7":"product_cat-moulin-de-colagne-es","8":"product_cat-otros-cereales-a-la-piedra","10":"first","11":"instock","12":"shipping-taxable","13":"product-type-simple"},"acf":[],"_links":{"self":[{"href":"https:\/\/farineracoromina.com\/fr\/wp-json\/wp\/v2\/product\/14728","targetHints":{"allow":["GET"]}}],"collection":[{"href":"https:\/\/farineracoromina.com\/fr\/wp-json\/wp\/v2\/product"}],"about":[{"href":"https:\/\/farineracoromina.com\/fr\/wp-json\/wp\/v2\/types\/product"}],"replies":[{"embeddable":true,"href":"https:\/\/farineracoromina.com\/fr\/wp-json\/wp\/v2\/comments?post=14728"}],"wp:featuredmedia":[{"embeddable":true,"href":"https:\/\/farineracoromina.com\/fr\/wp-json\/wp\/v2\/media\/17168"}],"wp:attachment":[{"href":"https:\/\/farineracoromina.com\/fr\/wp-json\/wp\/v2\/media?parent=14728"}],"wp:term":[{"taxonomy":"product_brand","embeddable":true,"href":"https:\/\/farineracoromina.com\/fr\/wp-json\/wp\/v2\/product_brand?post=14728"},{"taxonomy":"product_cat","embeddable":true,"href":"https:\/\/farineracoromina.com\/fr\/wp-json\/wp\/v2\/product_cat?post=14728"},{"taxonomy":"product_tag","embeddable":true,"href":"https:\/\/farineracoromina.com\/fr\/wp-json\/wp\/v2\/product_tag?post=14728"}],"curies":[{"name":"wp","href":"https:\/\/api.w.org\/{rel}","templated":true}]}}