{"id":14729,"date":"2023-02-06T18:45:13","date_gmt":"2023-02-06T16:45:13","guid":{"rendered":"https:\/\/farineracoromina.com\/?post_type=product&#038;p=14729"},"modified":"2023-03-30T12:06:31","modified_gmt":"2023-03-30T10:06:31","slug":"harina-de-centeno-rustico","status":"publish","type":"product","link":"https:\/\/farineracoromina.com\/fr\/producte\/harina-de-centeno-rustico\/","title":{"rendered":"Harina de Centeno R\u00fastico"},"content":{"rendered":"","protected":false},"excerpt":{"rendered":"<p>Esta harina se caracteriza por su <strong>alto contenido en fibras<\/strong>. Esta harina est\u00e1 dise\u00f1ada para la elaboraci\u00f3n de panes de centeno \u201cAuvergnat\u201d o de tipo alem\u00e1n, por ejemplo. La harina de centeno r\u00fastico permite aumentar la extensibilidad, la capacidad de hidrataci\u00f3n y la conservaci\u00f3n de las masas. Tambi\u00e9n se puede utilizar para la elaboraci\u00f3n de <strong>poolish<\/strong> o de <strong>masa madre natural<\/strong> muy sabrosa con un <strong>alto nivel de fermentaci\u00f3n<\/strong>. Al tratarse de una harina r\u00fastica, la cantidad de agua utilizada debe ser mayor que en la utilizada con la harina de centeno blanca.<\/p>\n","protected":false},"featured_media":15335,"comment_status":"closed","ping_status":"closed","template":"","meta":{"_acf_changed":false},"product_brand":[],"product_cat":[215,212,222],"product_tag":[],"class_list":{"0":"post-14729","1":"product","2":"type-product","3":"status-publish","4":"has-post-thumbnail","6":"product_cat-harinas-de-centeno","7":"product_cat-harinas-especiales","8":"product_cat-harinas-para-pan","10":"first","11":"instock","12":"shipping-taxable","13":"product-type-simple"},"acf":[],"_links":{"self":[{"href":"https:\/\/farineracoromina.com\/fr\/wp-json\/wp\/v2\/product\/14729","targetHints":{"allow":["GET"]}}],"collection":[{"href":"https:\/\/farineracoromina.com\/fr\/wp-json\/wp\/v2\/product"}],"about":[{"href":"https:\/\/farineracoromina.com\/fr\/wp-json\/wp\/v2\/types\/product"}],"replies":[{"embeddable":true,"href":"https:\/\/farineracoromina.com\/fr\/wp-json\/wp\/v2\/comments?post=14729"}],"wp:featuredmedia":[{"embeddable":true,"href":"https:\/\/farineracoromina.com\/fr\/wp-json\/wp\/v2\/media\/15335"}],"wp:attachment":[{"href":"https:\/\/farineracoromina.com\/fr\/wp-json\/wp\/v2\/media?parent=14729"}],"wp:term":[{"taxonomy":"product_brand","embeddable":true,"href":"https:\/\/farineracoromina.com\/fr\/wp-json\/wp\/v2\/product_brand?post=14729"},{"taxonomy":"product_cat","embeddable":true,"href":"https:\/\/farineracoromina.com\/fr\/wp-json\/wp\/v2\/product_cat?post=14729"},{"taxonomy":"product_tag","embeddable":true,"href":"https:\/\/farineracoromina.com\/fr\/wp-json\/wp\/v2\/product_tag?post=14729"}],"curies":[{"name":"wp","href":"https:\/\/api.w.org\/{rel}","templated":true}]}}