{"id":14733,"date":"2023-02-06T18:50:14","date_gmt":"2023-02-06T16:50:14","guid":{"rendered":"https:\/\/farineracoromina.com\/?post_type=product&#038;p=14733"},"modified":"2023-03-30T12:00:08","modified_gmt":"2023-03-30T10:00:08","slug":"harina-ecologica-panificable","status":"publish","type":"product","link":"https:\/\/farineracoromina.com\/fr\/producte\/harina-ecologica-panificable\/","title":{"rendered":"Harina Ecol\u00f3gica Panificable"},"content":{"rendered":"","protected":false},"excerpt":{"rendered":"<p>La Harina Ecol\u00f3gica Panificable se adapta perfectamente a diferentes tipos de trabajo, ya sea en directo o en fermentaci\u00f3n controlada. Gracias a esta harina tus panes ecol\u00f3gicos se convertir\u00e1n en un producto premium. Tambi\u00e9n se puede utilizarla para la elaboraci\u00f3n de madalenas, galletas o pasteles ecol\u00f3gicos.<\/p>\n","protected":false},"featured_media":15311,"comment_status":"closed","ping_status":"closed","template":"","meta":{"_acf_changed":false},"product_brand":[],"product_cat":[210,222],"product_tag":[],"class_list":{"0":"post-14733","1":"product","2":"type-product","3":"status-publish","4":"has-post-thumbnail","6":"product_cat-harinas-ecologicas","7":"product_cat-harinas-para-pan","9":"first","10":"instock","11":"shipping-taxable","12":"product-type-simple"},"acf":[],"_links":{"self":[{"href":"https:\/\/farineracoromina.com\/fr\/wp-json\/wp\/v2\/product\/14733","targetHints":{"allow":["GET"]}}],"collection":[{"href":"https:\/\/farineracoromina.com\/fr\/wp-json\/wp\/v2\/product"}],"about":[{"href":"https:\/\/farineracoromina.com\/fr\/wp-json\/wp\/v2\/types\/product"}],"replies":[{"embeddable":true,"href":"https:\/\/farineracoromina.com\/fr\/wp-json\/wp\/v2\/comments?post=14733"}],"wp:featuredmedia":[{"embeddable":true,"href":"https:\/\/farineracoromina.com\/fr\/wp-json\/wp\/v2\/media\/15311"}],"wp:attachment":[{"href":"https:\/\/farineracoromina.com\/fr\/wp-json\/wp\/v2\/media?parent=14733"}],"wp:term":[{"taxonomy":"product_brand","embeddable":true,"href":"https:\/\/farineracoromina.com\/fr\/wp-json\/wp\/v2\/product_brand?post=14733"},{"taxonomy":"product_cat","embeddable":true,"href":"https:\/\/farineracoromina.com\/fr\/wp-json\/wp\/v2\/product_cat?post=14733"},{"taxonomy":"product_tag","embeddable":true,"href":"https:\/\/farineracoromina.com\/fr\/wp-json\/wp\/v2\/product_tag?post=14733"}],"curies":[{"name":"wp","href":"https:\/\/api.w.org\/{rel}","templated":true}]}}