{"id":14734,"date":"2023-02-06T18:45:01","date_gmt":"2023-02-06T16:45:01","guid":{"rendered":"https:\/\/farineracoromina.com\/?post_type=product&#038;p=14734"},"modified":"2025-02-13T13:00:26","modified_gmt":"2025-02-13T11:00:26","slug":"harina-garrotxa","status":"publish","type":"product","link":"https:\/\/farineracoromina.com\/fr\/producte\/harina-garrotxa\/","title":{"rendered":"Harina Garrotxa"},"content":{"rendered":"","protected":false},"excerpt":{"rendered":"<p data-start=\"103\" data-end=\"437\">La <strong data-start=\"106\" data-end=\"125\">Harina Garrotxa<\/strong> es una harina galardonada con el <strong data-start=\"159\" data-end=\"179\">Premio PITA 2016<\/strong> (Premio de Innovaci\u00f3n Tecnol\u00f3gica Alimentaria), que destaca por su alta calidad y versatilidad en la panificaci\u00f3n. Perteneciente a la gama <strong data-start=\"319\" data-end=\"332\">Can Trull<\/strong>, esta harina es ideal para la elaboraci\u00f3n de panes de centeno con un sabor profundo y una textura \u00fanica.<\/p>\n<p data-start=\"439\" data-end=\"818\">Gracias a su capacidad para admitir altos porcentajes de hidrataci\u00f3n, la <strong data-start=\"512\" data-end=\"531\">Harina Garrotxa<\/strong> permite trabajar con t\u00e9cnicas de panificaci\u00f3n variadas, garantizando panes con una excelente conservaci\u00f3n. Adem\u00e1s, es especialmente indicada para la creaci\u00f3n de panes con ingredientes como nueces, pasas y otros ingredientes de car\u00e1cter r\u00fastico, lo que enriquece su sabor y personalidad.<\/p>\n","protected":false},"featured_media":14952,"comment_status":"closed","ping_status":"closed","template":"","meta":{"_acf_changed":false},"product_brand":[],"product_cat":[229,222],"product_tag":[],"class_list":{"0":"post-14734","1":"product","2":"type-product","3":"status-publish","4":"has-post-thumbnail","6":"product_cat-gama-can-trull-es","7":"product_cat-harinas-para-pan","9":"first","10":"instock","11":"shipping-taxable","12":"product-type-simple"},"acf":[],"_links":{"self":[{"href":"https:\/\/farineracoromina.com\/fr\/wp-json\/wp\/v2\/product\/14734","targetHints":{"allow":["GET"]}}],"collection":[{"href":"https:\/\/farineracoromina.com\/fr\/wp-json\/wp\/v2\/product"}],"about":[{"href":"https:\/\/farineracoromina.com\/fr\/wp-json\/wp\/v2\/types\/product"}],"replies":[{"embeddable":true,"href":"https:\/\/farineracoromina.com\/fr\/wp-json\/wp\/v2\/comments?post=14734"}],"wp:featuredmedia":[{"embeddable":true,"href":"https:\/\/farineracoromina.com\/fr\/wp-json\/wp\/v2\/media\/14952"}],"wp:attachment":[{"href":"https:\/\/farineracoromina.com\/fr\/wp-json\/wp\/v2\/media?parent=14734"}],"wp:term":[{"taxonomy":"product_brand","embeddable":true,"href":"https:\/\/farineracoromina.com\/fr\/wp-json\/wp\/v2\/product_brand?post=14734"},{"taxonomy":"product_cat","embeddable":true,"href":"https:\/\/farineracoromina.com\/fr\/wp-json\/wp\/v2\/product_cat?post=14734"},{"taxonomy":"product_tag","embeddable":true,"href":"https:\/\/farineracoromina.com\/fr\/wp-json\/wp\/v2\/product_tag?post=14734"}],"curies":[{"name":"wp","href":"https:\/\/api.w.org\/{rel}","templated":true}]}}