{"id":14736,"date":"2023-02-06T19:03:53","date_gmt":"2023-02-06T17:03:53","guid":{"rendered":"https:\/\/farineracoromina.com\/?post_type=product&#038;p=14736"},"modified":"2023-03-30T12:16:10","modified_gmt":"2023-03-30T10:16:10","slug":"harina-mallorquina","status":"publish","type":"product","link":"https:\/\/farineracoromina.com\/fr\/producte\/harina-mallorquina\/","title":{"rendered":"Harina Mallorquina"},"content":{"rendered":"","protected":false},"excerpt":{"rendered":"<p class=\"western\" lang=\"ca-ES\"><span lang=\"es-ES\">La Harina Mallorquina est\u00e1 especialmente dise\u00f1ada para obtener los aut\u00e9nticos panes mallorquines. Con tomate o sobrasada nos alegran el paladar!<\/span><\/p>\n","protected":false},"featured_media":15362,"comment_status":"closed","ping_status":"closed","template":"","meta":{"_acf_changed":false},"product_brand":[],"product_cat":[217,218,222,223,227],"product_tag":[],"class_list":{"0":"post-14736","1":"product","2":"type-product","3":"status-publish","4":"has-post-thumbnail","6":"product_cat-harinas-originales","7":"product_cat-harinas-panificables","8":"product_cat-harinas-para-pan","9":"product_cat-harinas-para-pasteleria","10":"product_cat-panificable-es","11":"pa_format-25kg-es-2","13":"first","14":"instock","15":"shipping-taxable","16":"product-type-simple"},"acf":[],"_links":{"self":[{"href":"https:\/\/farineracoromina.com\/fr\/wp-json\/wp\/v2\/product\/14736","targetHints":{"allow":["GET"]}}],"collection":[{"href":"https:\/\/farineracoromina.com\/fr\/wp-json\/wp\/v2\/product"}],"about":[{"href":"https:\/\/farineracoromina.com\/fr\/wp-json\/wp\/v2\/types\/product"}],"replies":[{"embeddable":true,"href":"https:\/\/farineracoromina.com\/fr\/wp-json\/wp\/v2\/comments?post=14736"}],"wp:featuredmedia":[{"embeddable":true,"href":"https:\/\/farineracoromina.com\/fr\/wp-json\/wp\/v2\/media\/15362"}],"wp:attachment":[{"href":"https:\/\/farineracoromina.com\/fr\/wp-json\/wp\/v2\/media?parent=14736"}],"wp:term":[{"taxonomy":"product_brand","embeddable":true,"href":"https:\/\/farineracoromina.com\/fr\/wp-json\/wp\/v2\/product_brand?post=14736"},{"taxonomy":"product_cat","embeddable":true,"href":"https:\/\/farineracoromina.com\/fr\/wp-json\/wp\/v2\/product_cat?post=14736"},{"taxonomy":"product_tag","embeddable":true,"href":"https:\/\/farineracoromina.com\/fr\/wp-json\/wp\/v2\/product_tag?post=14736"}],"curies":[{"name":"wp","href":"https:\/\/api.w.org\/{rel}","templated":true}]}}