{"id":14739,"date":"2023-02-06T18:45:47","date_gmt":"2023-02-06T16:45:47","guid":{"rendered":"https:\/\/farineracoromina.com\/?post_type=product&#038;p=14739"},"modified":"2023-03-24T13:13:48","modified_gmt":"2023-03-24T11:13:48","slug":"harina-de-pan-de-tramuntana","status":"publish","type":"product","link":"https:\/\/farineracoromina.com\/fr\/producte\/harina-de-pan-de-tramuntana\/","title":{"rendered":"Harina de Pan de Tramuntana"},"content":{"rendered":"","protected":false},"excerpt":{"rendered":"<p class=\"western\" lang=\"ca-ES\"><span lang=\"es-ES\">Sin duda, la m\u00e1s especial de todas. La Harina Pan de Tramuntana es producida a partir de trigos cultivados al paraje id\u00edlico de los Aiguamolls de l\u2019Empord\u00e0, fruto de unas variedades antiguas muy concretas, como el Florence Aurora. Esta harina permite, a causa de sus caracter\u00edsticas pl\u00e1sticas, hacer un trabajo con mucha hidrataci\u00f3n y larga fermentaci\u00f3n. <\/span><\/p>\n","protected":false},"featured_media":14400,"comment_status":"closed","ping_status":"closed","template":"","meta":{"_acf_changed":false},"product_brand":[],"product_cat":[216,212,222],"product_tag":[],"class_list":{"0":"post-14739","1":"product","2":"type-product","3":"status-publish","4":"has-post-thumbnail","6":"product_cat-es-harina-de-girona-km0","7":"product_cat-harinas-especiales","8":"product_cat-harinas-para-pan","9":"pa_format-25kg-es-2","11":"first","12":"instock","13":"shipping-taxable","14":"product-type-simple"},"acf":[],"_links":{"self":[{"href":"https:\/\/farineracoromina.com\/fr\/wp-json\/wp\/v2\/product\/14739","targetHints":{"allow":["GET"]}}],"collection":[{"href":"https:\/\/farineracoromina.com\/fr\/wp-json\/wp\/v2\/product"}],"about":[{"href":"https:\/\/farineracoromina.com\/fr\/wp-json\/wp\/v2\/types\/product"}],"replies":[{"embeddable":true,"href":"https:\/\/farineracoromina.com\/fr\/wp-json\/wp\/v2\/comments?post=14739"}],"wp:featuredmedia":[{"embeddable":true,"href":"https:\/\/farineracoromina.com\/fr\/wp-json\/wp\/v2\/media\/14400"}],"wp:attachment":[{"href":"https:\/\/farineracoromina.com\/fr\/wp-json\/wp\/v2\/media?parent=14739"}],"wp:term":[{"taxonomy":"product_brand","embeddable":true,"href":"https:\/\/farineracoromina.com\/fr\/wp-json\/wp\/v2\/product_brand?post=14739"},{"taxonomy":"product_cat","embeddable":true,"href":"https:\/\/farineracoromina.com\/fr\/wp-json\/wp\/v2\/product_cat?post=14739"},{"taxonomy":"product_tag","embeddable":true,"href":"https:\/\/farineracoromina.com\/fr\/wp-json\/wp\/v2\/product_tag?post=14739"}],"curies":[{"name":"wp","href":"https:\/\/api.w.org\/{rel}","templated":true}]}}