{"id":14740,"date":"2023-02-06T19:30:12","date_gmt":"2023-02-06T17:30:12","guid":{"rendered":"https:\/\/farineracoromina.com\/?post_type=product&#038;p=14740"},"modified":"2024-04-08T14:56:23","modified_gmt":"2024-04-08T12:56:23","slug":"harina-panettone","status":"publish","type":"product","link":"https:\/\/farineracoromina.com\/fr\/producte\/harina-panettone\/","title":{"rendered":"Harina Panettone"},"content":{"rendered":"","protected":false},"excerpt":{"rendered":"<p>Harina de gran fuerza especialmente dise\u00f1ada para la elaboraci\u00f3n de Panettone, ya sean elaborados con cualquier f\u00f3rmula como de dos o tres \u00ab\u00a0impasto\u00a0\u00bb, Pandoros, etc.<\/p>\n","protected":false},"featured_media":17135,"comment_status":"closed","ping_status":"closed","template":"","meta":{"_acf_changed":false},"product_brand":[],"product_cat":[222,235,230],"product_tag":[],"class_list":{"0":"post-14740","1":"product","2":"type-product","3":"status-publish","4":"has-post-thumbnail","6":"product_cat-harinas-para-pan","7":"product_cat-haubanne-es","8":"product_cat-moulin-de-colagne-es","10":"first","11":"instock","12":"shipping-taxable","13":"product-type-simple"},"acf":[],"_links":{"self":[{"href":"https:\/\/farineracoromina.com\/fr\/wp-json\/wp\/v2\/product\/14740","targetHints":{"allow":["GET"]}}],"collection":[{"href":"https:\/\/farineracoromina.com\/fr\/wp-json\/wp\/v2\/product"}],"about":[{"href":"https:\/\/farineracoromina.com\/fr\/wp-json\/wp\/v2\/types\/product"}],"replies":[{"embeddable":true,"href":"https:\/\/farineracoromina.com\/fr\/wp-json\/wp\/v2\/comments?post=14740"}],"wp:featuredmedia":[{"embeddable":true,"href":"https:\/\/farineracoromina.com\/fr\/wp-json\/wp\/v2\/media\/17135"}],"wp:attachment":[{"href":"https:\/\/farineracoromina.com\/fr\/wp-json\/wp\/v2\/media?parent=14740"}],"wp:term":[{"taxonomy":"product_brand","embeddable":true,"href":"https:\/\/farineracoromina.com\/fr\/wp-json\/wp\/v2\/product_brand?post=14740"},{"taxonomy":"product_cat","embeddable":true,"href":"https:\/\/farineracoromina.com\/fr\/wp-json\/wp\/v2\/product_cat?post=14740"},{"taxonomy":"product_tag","embeddable":true,"href":"https:\/\/farineracoromina.com\/fr\/wp-json\/wp\/v2\/product_tag?post=14740"}],"curies":[{"name":"wp","href":"https:\/\/api.w.org\/{rel}","templated":true}]}}