{"id":14742,"date":"2023-02-06T18:47:09","date_gmt":"2023-02-06T16:47:09","guid":{"rendered":"https:\/\/farineracoromina.com\/?post_type=product&#038;p=14742"},"modified":"2023-03-30T12:00:31","modified_gmt":"2023-03-30T10:00:31","slug":"harina-para-churros","status":"publish","type":"product","link":"https:\/\/farineracoromina.com\/fr\/producte\/harina-para-churros\/","title":{"rendered":"Harina para Churros"},"content":{"rendered":"","protected":false},"excerpt":{"rendered":"<p>Nuestra harina para churros es famosa por su alta productividad para el <strong>fabricante de churros<\/strong>. Sus caracter\u00edsticas hacen que salgan m\u00e1s churros por cada saco de harina utilizado y que la masa dure m\u00e1s tiempo en comparaci\u00f3n con otras harinas cl\u00e1sicas.<\/p>\n","protected":false},"featured_media":15313,"comment_status":"closed","ping_status":"closed","template":"","meta":{"_acf_changed":false},"product_brand":[],"product_cat":[212,222],"product_tag":[],"class_list":{"0":"post-14742","1":"product","2":"type-product","3":"status-publish","4":"has-post-thumbnail","6":"product_cat-harinas-especiales","7":"product_cat-harinas-para-pan","9":"first","10":"instock","11":"shipping-taxable","12":"product-type-simple"},"acf":[],"_links":{"self":[{"href":"https:\/\/farineracoromina.com\/fr\/wp-json\/wp\/v2\/product\/14742","targetHints":{"allow":["GET"]}}],"collection":[{"href":"https:\/\/farineracoromina.com\/fr\/wp-json\/wp\/v2\/product"}],"about":[{"href":"https:\/\/farineracoromina.com\/fr\/wp-json\/wp\/v2\/types\/product"}],"replies":[{"embeddable":true,"href":"https:\/\/farineracoromina.com\/fr\/wp-json\/wp\/v2\/comments?post=14742"}],"wp:featuredmedia":[{"embeddable":true,"href":"https:\/\/farineracoromina.com\/fr\/wp-json\/wp\/v2\/media\/15313"}],"wp:attachment":[{"href":"https:\/\/farineracoromina.com\/fr\/wp-json\/wp\/v2\/media?parent=14742"}],"wp:term":[{"taxonomy":"product_brand","embeddable":true,"href":"https:\/\/farineracoromina.com\/fr\/wp-json\/wp\/v2\/product_brand?post=14742"},{"taxonomy":"product_cat","embeddable":true,"href":"https:\/\/farineracoromina.com\/fr\/wp-json\/wp\/v2\/product_cat?post=14742"},{"taxonomy":"product_tag","embeddable":true,"href":"https:\/\/farineracoromina.com\/fr\/wp-json\/wp\/v2\/product_tag?post=14742"}],"curies":[{"name":"wp","href":"https:\/\/api.w.org\/{rel}","templated":true}]}}