{"id":14743,"date":"2023-02-06T20:25:58","date_gmt":"2023-02-06T18:25:58","guid":{"rendered":"https:\/\/farineracoromina.com\/?post_type=product&#038;p=14743"},"modified":"2024-07-04T12:01:02","modified_gmt":"2024-07-04T10:01:02","slug":"tritordeum","status":"publish","type":"product","link":"https:\/\/farineracoromina.com\/fr\/producte\/tritordeum\/","title":{"rendered":"Tritordeum"},"content":{"rendered":"","protected":false},"excerpt":{"rendered":"<p>La harina \u201cTritordeum\u00a0\u00bb proviene del cereal \u201cTritordeum\u201d o tambi\u00e9n conocido como el \u201ccereal dorado\u201d. Es un cereal de proximidad de origen mediterr\u00e1neo nacido de la combinaci\u00f3n natural (sin modificaci\u00f3n gen\u00e9tica) entre el trigo duro \u201c*triticum durum\u201d y una cebada silvestre llamada \u201c Hordeum Chilense\u201d.<\/p>\n<p>La harina \u201cTritordeum\u201d contiene m\u00e1s \u00e1cido oleico graso que contribuye a reducir el riesgo de sufrir enfermedades cardiovasculares, contiene m\u00e1s antioxidantes como la lute\u00edna, pigmento antioxidante beneficioso para la salud ocular, la protecci\u00f3n de la piel frente a los rayos del sol y al envejecimiento precoz y tambi\u00e9n contiene m\u00e1s fibra por el que contribuye a mantener una buena salud intestinal.<\/p>\n","protected":false},"featured_media":14390,"comment_status":"closed","ping_status":"closed","template":"","meta":{"_acf_changed":false},"product_brand":[],"product_cat":[212,222],"product_tag":[],"class_list":{"0":"post-14743","1":"product","2":"type-product","3":"status-publish","4":"has-post-thumbnail","6":"product_cat-harinas-especiales","7":"product_cat-harinas-para-pan","9":"first","10":"instock","11":"shipping-taxable","12":"product-type-simple"},"acf":[],"_links":{"self":[{"href":"https:\/\/farineracoromina.com\/fr\/wp-json\/wp\/v2\/product\/14743","targetHints":{"allow":["GET"]}}],"collection":[{"href":"https:\/\/farineracoromina.com\/fr\/wp-json\/wp\/v2\/product"}],"about":[{"href":"https:\/\/farineracoromina.com\/fr\/wp-json\/wp\/v2\/types\/product"}],"replies":[{"embeddable":true,"href":"https:\/\/farineracoromina.com\/fr\/wp-json\/wp\/v2\/comments?post=14743"}],"wp:featuredmedia":[{"embeddable":true,"href":"https:\/\/farineracoromina.com\/fr\/wp-json\/wp\/v2\/media\/14390"}],"wp:attachment":[{"href":"https:\/\/farineracoromina.com\/fr\/wp-json\/wp\/v2\/media?parent=14743"}],"wp:term":[{"taxonomy":"product_brand","embeddable":true,"href":"https:\/\/farineracoromina.com\/fr\/wp-json\/wp\/v2\/product_brand?post=14743"},{"taxonomy":"product_cat","embeddable":true,"href":"https:\/\/farineracoromina.com\/fr\/wp-json\/wp\/v2\/product_cat?post=14743"},{"taxonomy":"product_tag","embeddable":true,"href":"https:\/\/farineracoromina.com\/fr\/wp-json\/wp\/v2\/product_tag?post=14743"}],"curies":[{"name":"wp","href":"https:\/\/api.w.org\/{rel}","templated":true}]}}