{"id":14746,"date":"2023-02-06T20:36:59","date_gmt":"2023-02-06T18:36:59","guid":{"rendered":"https:\/\/farineracoromina.com\/?post_type=product&#038;p=14746"},"modified":"2023-03-30T12:11:39","modified_gmt":"2023-03-30T10:11:39","slug":"germen-de-trigo","status":"publish","type":"product","link":"https:\/\/farineracoromina.com\/fr\/producte\/germen-de-trigo\/","title":{"rendered":"Germen de Trigo"},"content":{"rendered":"","protected":false},"excerpt":{"rendered":"<p>Nuestro germen de trigo no estabilizado permite dar un toque a las masas muy interesante, dando a la corteza un gran sabor. Sus caracter\u00edsticas permiten obtener unas masas con mayor extensibilidad y unas gre\u00f1as m\u00e1s salvajes en los panes. Se dosifica de unos 0.5 hasta unos 1.5 % de manera general.<\/p>\n","protected":false},"featured_media":14462,"comment_status":"closed","ping_status":"closed","template":"","meta":{"_acf_changed":false},"product_brand":[],"product_cat":[222,209],"product_tag":[],"class_list":{"0":"post-14746","1":"product","2":"type-product","3":"status-publish","4":"has-post-thumbnail","6":"product_cat-harinas-para-pan","7":"product_cat-otros-cereales","9":"first","10":"instock","11":"shipping-taxable","12":"product-type-simple"},"acf":[],"_links":{"self":[{"href":"https:\/\/farineracoromina.com\/fr\/wp-json\/wp\/v2\/product\/14746","targetHints":{"allow":["GET"]}}],"collection":[{"href":"https:\/\/farineracoromina.com\/fr\/wp-json\/wp\/v2\/product"}],"about":[{"href":"https:\/\/farineracoromina.com\/fr\/wp-json\/wp\/v2\/types\/product"}],"replies":[{"embeddable":true,"href":"https:\/\/farineracoromina.com\/fr\/wp-json\/wp\/v2\/comments?post=14746"}],"wp:featuredmedia":[{"embeddable":true,"href":"https:\/\/farineracoromina.com\/fr\/wp-json\/wp\/v2\/media\/14462"}],"wp:attachment":[{"href":"https:\/\/farineracoromina.com\/fr\/wp-json\/wp\/v2\/media?parent=14746"}],"wp:term":[{"taxonomy":"product_brand","embeddable":true,"href":"https:\/\/farineracoromina.com\/fr\/wp-json\/wp\/v2\/product_brand?post=14746"},{"taxonomy":"product_cat","embeddable":true,"href":"https:\/\/farineracoromina.com\/fr\/wp-json\/wp\/v2\/product_cat?post=14746"},{"taxonomy":"product_tag","embeddable":true,"href":"https:\/\/farineracoromina.com\/fr\/wp-json\/wp\/v2\/product_tag?post=14746"}],"curies":[{"name":"wp","href":"https:\/\/api.w.org\/{rel}","templated":true}]}}