{"id":14747,"date":"2023-02-06T20:39:56","date_gmt":"2023-02-06T18:39:56","guid":{"rendered":"https:\/\/farineracoromina.com\/?post_type=product&#038;p=14747"},"modified":"2023-03-24T13:13:45","modified_gmt":"2023-03-24T11:13:45","slug":"gluten-de-trigo","status":"publish","type":"product","link":"https:\/\/farineracoromina.com\/fr\/producte\/gluten-de-trigo\/","title":{"rendered":"Gluten de Trigo"},"content":{"rendered":"","protected":false},"excerpt":{"rendered":"<p>Gluten de trigo tradicional que se dosifica de manera general con un m\u00e1ximo de 2 % por reforzar las harinas por procesos de elaboraci\u00f3n espec\u00edficos.<\/p>\n<p>&nbsp;<\/p>\n","protected":false},"featured_media":14462,"comment_status":"closed","ping_status":"closed","template":"","meta":{"_acf_changed":false},"product_brand":[],"product_cat":[222,209],"product_tag":[],"class_list":{"0":"post-14747","1":"product","2":"type-product","3":"status-publish","4":"has-post-thumbnail","6":"product_cat-harinas-para-pan","7":"product_cat-otros-cereales","8":"pa_format-25kg-es-2","10":"first","11":"instock","12":"shipping-taxable","13":"product-type-simple"},"acf":[],"_links":{"self":[{"href":"https:\/\/farineracoromina.com\/fr\/wp-json\/wp\/v2\/product\/14747","targetHints":{"allow":["GET"]}}],"collection":[{"href":"https:\/\/farineracoromina.com\/fr\/wp-json\/wp\/v2\/product"}],"about":[{"href":"https:\/\/farineracoromina.com\/fr\/wp-json\/wp\/v2\/types\/product"}],"replies":[{"embeddable":true,"href":"https:\/\/farineracoromina.com\/fr\/wp-json\/wp\/v2\/comments?post=14747"}],"wp:featuredmedia":[{"embeddable":true,"href":"https:\/\/farineracoromina.com\/fr\/wp-json\/wp\/v2\/media\/14462"}],"wp:attachment":[{"href":"https:\/\/farineracoromina.com\/fr\/wp-json\/wp\/v2\/media?parent=14747"}],"wp:term":[{"taxonomy":"product_brand","embeddable":true,"href":"https:\/\/farineracoromina.com\/fr\/wp-json\/wp\/v2\/product_brand?post=14747"},{"taxonomy":"product_cat","embeddable":true,"href":"https:\/\/farineracoromina.com\/fr\/wp-json\/wp\/v2\/product_cat?post=14747"},{"taxonomy":"product_tag","embeddable":true,"href":"https:\/\/farineracoromina.com\/fr\/wp-json\/wp\/v2\/product_tag?post=14747"}],"curies":[{"name":"wp","href":"https:\/\/api.w.org\/{rel}","templated":true}]}}