{"id":14748,"date":"2023-02-06T19:11:25","date_gmt":"2023-02-06T17:11:25","guid":{"rendered":"https:\/\/farineracoromina.com\/?post_type=product&#038;p=14748"},"modified":"2023-03-24T13:13:46","modified_gmt":"2023-03-24T11:13:46","slug":"meule-grand-epeautre-bio-blanc","status":"publish","type":"product","link":"https:\/\/farineracoromina.com\/fr\/producte\/meule-grand-epeautre-bio-blanc\/","title":{"rendered":"Meule grand epeautre BIO blanc"},"content":{"rendered":"","protected":false},"excerpt":{"rendered":"<p>La Meule BIO Complete es la harina ecol\u00f3gica integral a la piedra perfecta para realizar panes de alta calidad. Esta harina incorpora un mejorante especialmente dise\u00f1ado para mejorar el comportamiento de la masa en trabajos m\u00e1s mec\u00e1nicos o exigentes.<\/p>\n<p>El trabajo del molino de s\u00edlex:<\/p>\n<p>Una herramienta que al\u00eda el savoir-faire de ayer con la tecnolog\u00eda de hoy. Fundado sobre el principio de la abrasi\u00f3n con el molino de s\u00edlex y del S\u00f6der. Esta t\u00e9cnica permite:<\/p>\n<ul>\n<li>Conservar los g\u00e9rmenes de trigo a la harina.<\/li>\n<li>Conservar los nutrientes.<\/li>\n<li>Conservar los \u00e1cidos grasos esenciales.<\/li>\n<li>Conservar las vitaminas.<\/li>\n<li>Conservar las fibras.<\/li>\n<\/ul>\n<p>Los elementos minerales y los oligo-elementos.<\/p>\n<p>Tener una hidrataci\u00f3n superior del 4 al 8%.<\/p>\n","protected":false},"featured_media":17155,"comment_status":"closed","ping_status":"closed","template":"","meta":{"_acf_changed":false},"product_brand":[],"product_cat":[222,230,234],"product_tag":[],"class_list":{"0":"post-14748","1":"product","2":"type-product","3":"status-publish","4":"has-post-thumbnail","6":"product_cat-harinas-para-pan","7":"product_cat-moulin-de-colagne-es","8":"product_cat-otros-cereales-a-la-piedra-bio","10":"first","11":"instock","12":"shipping-taxable","13":"product-type-simple"},"acf":[],"_links":{"self":[{"href":"https:\/\/farineracoromina.com\/fr\/wp-json\/wp\/v2\/product\/14748","targetHints":{"allow":["GET"]}}],"collection":[{"href":"https:\/\/farineracoromina.com\/fr\/wp-json\/wp\/v2\/product"}],"about":[{"href":"https:\/\/farineracoromina.com\/fr\/wp-json\/wp\/v2\/types\/product"}],"replies":[{"embeddable":true,"href":"https:\/\/farineracoromina.com\/fr\/wp-json\/wp\/v2\/comments?post=14748"}],"wp:featuredmedia":[{"embeddable":true,"href":"https:\/\/farineracoromina.com\/fr\/wp-json\/wp\/v2\/media\/17155"}],"wp:attachment":[{"href":"https:\/\/farineracoromina.com\/fr\/wp-json\/wp\/v2\/media?parent=14748"}],"wp:term":[{"taxonomy":"product_brand","embeddable":true,"href":"https:\/\/farineracoromina.com\/fr\/wp-json\/wp\/v2\/product_brand?post=14748"},{"taxonomy":"product_cat","embeddable":true,"href":"https:\/\/farineracoromina.com\/fr\/wp-json\/wp\/v2\/product_cat?post=14748"},{"taxonomy":"product_tag","embeddable":true,"href":"https:\/\/farineracoromina.com\/fr\/wp-json\/wp\/v2\/product_tag?post=14748"}],"curies":[{"name":"wp","href":"https:\/\/api.w.org\/{rel}","templated":true}]}}