{"id":14753,"date":"2023-02-06T19:21:06","date_gmt":"2023-02-06T17:21:06","guid":{"rendered":"https:\/\/farineracoromina.com\/?post_type=product&#038;p=14753"},"modified":"2023-03-24T13:13:43","modified_gmt":"2023-03-24T11:13:43","slug":"meule-t80-levain","status":"publish","type":"product","link":"https:\/\/farineracoromina.com\/fr\/producte\/meule-t80-levain\/","title":{"rendered":"Meule T80 Levain"},"content":{"rendered":"","protected":false},"excerpt":{"rendered":"<p class=\"western\" lang=\"ca-ES\" align=\"justify\"><span lang=\"es-ES\">La Meule T80 Levain <\/span><span lang=\"es-ES\">es <strong>la harina estrella 100 % de trigo<\/strong> sin ning\u00fan aditivo para <strong>la elaboraci\u00f3n de masas madre<\/strong> de todo tipo. Permite tambi\u00e9n elaborar productos con un abanico importante de t\u00e9cnicas, dando como resultado unos panes de harina a la piedra muy sabrosos y de larga conservaci\u00f3n.<\/span><\/p>\n","protected":false},"featured_media":17159,"comment_status":"closed","ping_status":"closed","template":"","meta":{"_acf_changed":false},"product_brand":[],"product_cat":[231,222,230],"product_tag":[],"class_list":{"0":"post-14753","1":"product","2":"type-product","3":"status-publish","4":"has-post-thumbnail","6":"product_cat-a-la-piedra","7":"product_cat-harinas-para-pan","8":"product_cat-moulin-de-colagne-es","10":"first","11":"instock","12":"shipping-taxable","13":"product-type-simple"},"acf":[],"_links":{"self":[{"href":"https:\/\/farineracoromina.com\/fr\/wp-json\/wp\/v2\/product\/14753","targetHints":{"allow":["GET"]}}],"collection":[{"href":"https:\/\/farineracoromina.com\/fr\/wp-json\/wp\/v2\/product"}],"about":[{"href":"https:\/\/farineracoromina.com\/fr\/wp-json\/wp\/v2\/types\/product"}],"replies":[{"embeddable":true,"href":"https:\/\/farineracoromina.com\/fr\/wp-json\/wp\/v2\/comments?post=14753"}],"wp:featuredmedia":[{"embeddable":true,"href":"https:\/\/farineracoromina.com\/fr\/wp-json\/wp\/v2\/media\/17159"}],"wp:attachment":[{"href":"https:\/\/farineracoromina.com\/fr\/wp-json\/wp\/v2\/media?parent=14753"}],"wp:term":[{"taxonomy":"product_brand","embeddable":true,"href":"https:\/\/farineracoromina.com\/fr\/wp-json\/wp\/v2\/product_brand?post=14753"},{"taxonomy":"product_cat","embeddable":true,"href":"https:\/\/farineracoromina.com\/fr\/wp-json\/wp\/v2\/product_cat?post=14753"},{"taxonomy":"product_tag","embeddable":true,"href":"https:\/\/farineracoromina.com\/fr\/wp-json\/wp\/v2\/product_tag?post=14753"}],"curies":[{"name":"wp","href":"https:\/\/api.w.org\/{rel}","templated":true}]}}