{"id":14758,"date":"2023-02-06T18:46:31","date_gmt":"2023-02-06T16:46:31","guid":{"rendered":"https:\/\/farineracoromina.com\/?post_type=product&#038;p=14758"},"modified":"2024-04-08T10:46:09","modified_gmt":"2024-04-08T08:46:09","slug":"tradicion-francaise","status":"publish","type":"product","link":"https:\/\/farineracoromina.com\/fr\/producte\/tradicion-francaise\/","title":{"rendered":"Tradici\u00f3n Fran\u00e7aise"},"content":{"rendered":"","protected":false},"excerpt":{"rendered":"<p>La harina Haubanne Tradici\u00f3n Francesa de Moulin de Colagne <strong>cumple estrictamente con la normativa \u201cPain de Tradition Fran\u00e7aise\u201d<\/strong> que revolucion\u00f3 la calidad del pan franc\u00e9s a partir del a\u00f1o 1993. Un equilibrio \u00fanico que da como resultado una harina con una polivalencia de uso ideal <strong>para elaborar panes de tradici\u00f3n francesa muy ricos en largas fermentaciones con o sin masa madre<\/strong>. Se ha convertido en la harina de Tradici\u00f3n Francesa de los obradores m\u00e1s exigentes, dando unos panes muy gustosos y que cumplan con las normativas m\u00e1s estrictas.<\/p>\n","protected":false},"featured_media":17124,"comment_status":"closed","ping_status":"closed","template":"","meta":{"_acf_changed":false},"product_brand":[],"product_cat":[222,235,230],"product_tag":[],"class_list":{"0":"post-14758","1":"product","2":"type-product","3":"status-publish","4":"has-post-thumbnail","6":"product_cat-harinas-para-pan","7":"product_cat-haubanne-es","8":"product_cat-moulin-de-colagne-es","10":"first","11":"instock","12":"shipping-taxable","13":"product-type-simple"},"acf":[],"_links":{"self":[{"href":"https:\/\/farineracoromina.com\/fr\/wp-json\/wp\/v2\/product\/14758","targetHints":{"allow":["GET"]}}],"collection":[{"href":"https:\/\/farineracoromina.com\/fr\/wp-json\/wp\/v2\/product"}],"about":[{"href":"https:\/\/farineracoromina.com\/fr\/wp-json\/wp\/v2\/types\/product"}],"replies":[{"embeddable":true,"href":"https:\/\/farineracoromina.com\/fr\/wp-json\/wp\/v2\/comments?post=14758"}],"wp:featuredmedia":[{"embeddable":true,"href":"https:\/\/farineracoromina.com\/fr\/wp-json\/wp\/v2\/media\/17124"}],"wp:attachment":[{"href":"https:\/\/farineracoromina.com\/fr\/wp-json\/wp\/v2\/media?parent=14758"}],"wp:term":[{"taxonomy":"product_brand","embeddable":true,"href":"https:\/\/farineracoromina.com\/fr\/wp-json\/wp\/v2\/product_brand?post=14758"},{"taxonomy":"product_cat","embeddable":true,"href":"https:\/\/farineracoromina.com\/fr\/wp-json\/wp\/v2\/product_cat?post=14758"},{"taxonomy":"product_tag","embeddable":true,"href":"https:\/\/farineracoromina.com\/fr\/wp-json\/wp\/v2\/product_tag?post=14758"}],"curies":[{"name":"wp","href":"https:\/\/api.w.org\/{rel}","templated":true}]}}