{"id":14760,"date":"2023-02-06T20:26:15","date_gmt":"2023-02-06T18:26:15","guid":{"rendered":"https:\/\/farineracoromina.com\/?post_type=product&#038;p=14760"},"modified":"2023-10-20T11:51:40","modified_gmt":"2023-10-20T09:51:40","slug":"dark-grains","status":"publish","type":"product","link":"https:\/\/farineracoromina.com\/fr\/producte\/dark-grains\/","title":{"rendered":"Dark Grains"},"content":{"rendered":"","protected":false},"excerpt":{"rendered":"<p>La harina Dark Grains tiene las caracter\u00edsticas perfectas para elaborar unos panes de cereales muy sabrosos. Su elevado porcentaje de semillas y de copos de centeno hacen de ella una de las harinas m\u00e1s sabrosas del mercado. La Dark Grains se caracteriza para contener algarroba, lo cual le proporciona un color oscuro caracter\u00edstico, un gran sabor y una textura perfecta para elaborar panes de moldes como s\u00e1ndwiches o panes de cereales en formato de hogaza o chusco. No contiene ning\u00fan tipo de aditivo y con una mezcla de harinas a la piedra y de cilindro, la Dark Grains os encantar\u00e1 gracias a su polivalencia y a sus aromas.<\/p>\n","protected":false},"featured_media":14943,"comment_status":"closed","ping_status":"closed","template":"","meta":{"_acf_changed":false},"product_brand":[],"product_cat":[229,222],"product_tag":[],"class_list":{"0":"post-14760","1":"product","2":"type-product","3":"status-publish","4":"has-post-thumbnail","6":"product_cat-gama-can-trull-es","7":"product_cat-harinas-para-pan","9":"first","10":"instock","11":"featured","12":"shipping-taxable","13":"product-type-simple"},"acf":[],"_links":{"self":[{"href":"https:\/\/farineracoromina.com\/fr\/wp-json\/wp\/v2\/product\/14760","targetHints":{"allow":["GET"]}}],"collection":[{"href":"https:\/\/farineracoromina.com\/fr\/wp-json\/wp\/v2\/product"}],"about":[{"href":"https:\/\/farineracoromina.com\/fr\/wp-json\/wp\/v2\/types\/product"}],"replies":[{"embeddable":true,"href":"https:\/\/farineracoromina.com\/fr\/wp-json\/wp\/v2\/comments?post=14760"}],"wp:featuredmedia":[{"embeddable":true,"href":"https:\/\/farineracoromina.com\/fr\/wp-json\/wp\/v2\/media\/14943"}],"wp:attachment":[{"href":"https:\/\/farineracoromina.com\/fr\/wp-json\/wp\/v2\/media?parent=14760"}],"wp:term":[{"taxonomy":"product_brand","embeddable":true,"href":"https:\/\/farineracoromina.com\/fr\/wp-json\/wp\/v2\/product_brand?post=14760"},{"taxonomy":"product_cat","embeddable":true,"href":"https:\/\/farineracoromina.com\/fr\/wp-json\/wp\/v2\/product_cat?post=14760"},{"taxonomy":"product_tag","embeddable":true,"href":"https:\/\/farineracoromina.com\/fr\/wp-json\/wp\/v2\/product_tag?post=14760"}],"curies":[{"name":"wp","href":"https:\/\/api.w.org\/{rel}","templated":true}]}}