{"id":14763,"date":"2023-02-06T18:50:04","date_gmt":"2023-02-06T16:50:04","guid":{"rendered":"https:\/\/farineracoromina.com\/?post_type=product&#038;p=14763"},"modified":"2023-03-30T12:03:51","modified_gmt":"2023-03-30T10:03:51","slug":"harina-5","status":"publish","type":"product","link":"https:\/\/farineracoromina.com\/fr\/producte\/harina-5\/","title":{"rendered":"Harina 5"},"content":{"rendered":"","protected":false},"excerpt":{"rendered":"<p><strong>Harina panificable hist\u00f3rica<\/strong> y de referencia dise\u00f1ada para la elaboraci\u00f3n de los panes de pay\u00e9s, barras de cuarto y de medio, llonguet, etc. Esta harina puede ser trabajada en directo con o sin masa madre. Puede aguantar perfectamente ciclos cortos de fermentaci\u00f3n controlada.<\/p>\n","protected":false},"featured_media":15321,"comment_status":"closed","ping_status":"closed","template":"","meta":{"_acf_changed":false},"product_brand":[],"product_cat":[217,218,222,223,227],"product_tag":[],"class_list":{"0":"post-14763","1":"product","2":"type-product","3":"status-publish","4":"has-post-thumbnail","6":"product_cat-harinas-originales","7":"product_cat-harinas-panificables","8":"product_cat-harinas-para-pan","9":"product_cat-harinas-para-pasteleria","10":"product_cat-panificable-es","12":"first","13":"instock","14":"shipping-taxable","15":"product-type-simple"},"acf":[],"_links":{"self":[{"href":"https:\/\/farineracoromina.com\/fr\/wp-json\/wp\/v2\/product\/14763","targetHints":{"allow":["GET"]}}],"collection":[{"href":"https:\/\/farineracoromina.com\/fr\/wp-json\/wp\/v2\/product"}],"about":[{"href":"https:\/\/farineracoromina.com\/fr\/wp-json\/wp\/v2\/types\/product"}],"replies":[{"embeddable":true,"href":"https:\/\/farineracoromina.com\/fr\/wp-json\/wp\/v2\/comments?post=14763"}],"wp:featuredmedia":[{"embeddable":true,"href":"https:\/\/farineracoromina.com\/fr\/wp-json\/wp\/v2\/media\/15321"}],"wp:attachment":[{"href":"https:\/\/farineracoromina.com\/fr\/wp-json\/wp\/v2\/media?parent=14763"}],"wp:term":[{"taxonomy":"product_brand","embeddable":true,"href":"https:\/\/farineracoromina.com\/fr\/wp-json\/wp\/v2\/product_brand?post=14763"},{"taxonomy":"product_cat","embeddable":true,"href":"https:\/\/farineracoromina.com\/fr\/wp-json\/wp\/v2\/product_cat?post=14763"},{"taxonomy":"product_tag","embeddable":true,"href":"https:\/\/farineracoromina.com\/fr\/wp-json\/wp\/v2\/product_tag?post=14763"}],"curies":[{"name":"wp","href":"https:\/\/api.w.org\/{rel}","templated":true}]}}