{"id":14764,"date":"2023-02-06T18:49:06","date_gmt":"2023-02-06T16:49:06","guid":{"rendered":"https:\/\/farineracoromina.com\/?post_type=product&#038;p=14764"},"modified":"2025-02-10T14:48:49","modified_gmt":"2025-02-10T12:48:49","slug":"harina-5e","status":"publish","type":"product","link":"https:\/\/farineracoromina.com\/fr\/producte\/harina-5e\/","title":{"rendered":"Harina 5E"},"content":{"rendered":"","protected":false},"excerpt":{"rendered":"<p>La <strong>Harina N\u00ba5E<\/strong> representa la excelencia en harinas panificables de media fuerza. 100% limpia y sin aditivos, destaca por su gran capacidad de absorci\u00f3n, extensibilidad y sabor, permitiendo obtener panes de calidad excepcional. Es ideal tanto para procesos en directo como para bloque fr\u00edo (hasta un 70% de hidrataci\u00f3n) o fermentaci\u00f3n controlada.<\/p>\n<p>Para los amantes del pan candeal, ofrece resultados \u00f3ptimos, ya sea en fermentaci\u00f3n directa o controlada.<\/p>\n<p>Adem\u00e1s, su resistencia a largas fermentaciones con masa madre natural aporta panes de gran sabor y personalidad.<\/p>\n","protected":false},"featured_media":14411,"comment_status":"closed","ping_status":"closed","template":"","meta":{"_acf_changed":false},"product_brand":[],"product_cat":[220,217,222,223,226],"product_tag":[],"class_list":{"0":"post-14764","1":"product","2":"type-product","3":"status-publish","4":"has-post-thumbnail","6":"product_cat-harinas-de-media-fuerza","7":"product_cat-harinas-originales","8":"product_cat-harinas-para-pan","9":"product_cat-harinas-para-pasteleria","10":"product_cat-media-fuerza","12":"first","13":"instock","14":"shipping-taxable","15":"product-type-simple"},"acf":[],"_links":{"self":[{"href":"https:\/\/farineracoromina.com\/fr\/wp-json\/wp\/v2\/product\/14764","targetHints":{"allow":["GET"]}}],"collection":[{"href":"https:\/\/farineracoromina.com\/fr\/wp-json\/wp\/v2\/product"}],"about":[{"href":"https:\/\/farineracoromina.com\/fr\/wp-json\/wp\/v2\/types\/product"}],"replies":[{"embeddable":true,"href":"https:\/\/farineracoromina.com\/fr\/wp-json\/wp\/v2\/comments?post=14764"}],"wp:featuredmedia":[{"embeddable":true,"href":"https:\/\/farineracoromina.com\/fr\/wp-json\/wp\/v2\/media\/14411"}],"wp:attachment":[{"href":"https:\/\/farineracoromina.com\/fr\/wp-json\/wp\/v2\/media?parent=14764"}],"wp:term":[{"taxonomy":"product_brand","embeddable":true,"href":"https:\/\/farineracoromina.com\/fr\/wp-json\/wp\/v2\/product_brand?post=14764"},{"taxonomy":"product_cat","embeddable":true,"href":"https:\/\/farineracoromina.com\/fr\/wp-json\/wp\/v2\/product_cat?post=14764"},{"taxonomy":"product_tag","embeddable":true,"href":"https:\/\/farineracoromina.com\/fr\/wp-json\/wp\/v2\/product_tag?post=14764"}],"curies":[{"name":"wp","href":"https:\/\/api.w.org\/{rel}","templated":true}]}}