{"id":14770,"date":"2023-02-06T18:43:38","date_gmt":"2023-02-06T16:43:38","guid":{"rendered":"https:\/\/farineracoromina.com\/?post_type=product&#038;p=14770"},"modified":"2023-03-30T12:08:56","modified_gmt":"2023-03-30T10:08:56","slug":"harina-pan-gallego","status":"publish","type":"product","link":"https:\/\/farineracoromina.com\/fr\/producte\/harina-pan-gallego\/","title":{"rendered":"Harina Pan Gallego"},"content":{"rendered":"","protected":false},"excerpt":{"rendered":"<p>Esta harina ideal para pan gallego est\u00e1 inspirada en una antigua receta gallega. Es el resultado de una perfecta <strong>mezcla de varios ingredientes naturales. <\/strong>Rica en sabores y aromas, se aprecia un sutil toque de acidez muy equilibrado caracter\u00edstico del<strong>\u00a0centeno<\/strong>.<\/p>\n<p>Acepta una alta hidrataci\u00f3n, igual o superior al 80%, y est\u00e1 perfectamente adaptada para las fermentaciones en bloque en fr\u00edo, y tambi\u00e9n en directo o en fermentaci\u00f3n controlada. Ideal para realizar las famosas barras gallegas o las mo\u00f1as gallegas, con una miga salvaje y h\u00fameda, y con la corteza tan arom\u00e1tica y tan caracter\u00edstica de los mejores panes gallegos. Por supuesto, adem\u00e1s tiene una larga conservaci\u00f3n.<\/p>\n","protected":false},"featured_media":15347,"comment_status":"closed","ping_status":"closed","template":"","meta":{"_acf_changed":false},"product_brand":[],"product_cat":[229,222],"product_tag":[],"class_list":{"0":"post-14770","1":"product","2":"type-product","3":"status-publish","4":"has-post-thumbnail","6":"product_cat-gama-can-trull-es","7":"product_cat-harinas-para-pan","9":"first","10":"instock","11":"shipping-taxable","12":"product-type-simple"},"acf":[],"_links":{"self":[{"href":"https:\/\/farineracoromina.com\/fr\/wp-json\/wp\/v2\/product\/14770","targetHints":{"allow":["GET"]}}],"collection":[{"href":"https:\/\/farineracoromina.com\/fr\/wp-json\/wp\/v2\/product"}],"about":[{"href":"https:\/\/farineracoromina.com\/fr\/wp-json\/wp\/v2\/types\/product"}],"replies":[{"embeddable":true,"href":"https:\/\/farineracoromina.com\/fr\/wp-json\/wp\/v2\/comments?post=14770"}],"wp:featuredmedia":[{"embeddable":true,"href":"https:\/\/farineracoromina.com\/fr\/wp-json\/wp\/v2\/media\/15347"}],"wp:attachment":[{"href":"https:\/\/farineracoromina.com\/fr\/wp-json\/wp\/v2\/media?parent=14770"}],"wp:term":[{"taxonomy":"product_brand","embeddable":true,"href":"https:\/\/farineracoromina.com\/fr\/wp-json\/wp\/v2\/product_brand?post=14770"},{"taxonomy":"product_cat","embeddable":true,"href":"https:\/\/farineracoromina.com\/fr\/wp-json\/wp\/v2\/product_cat?post=14770"},{"taxonomy":"product_tag","embeddable":true,"href":"https:\/\/farineracoromina.com\/fr\/wp-json\/wp\/v2\/product_tag?post=14770"}],"curies":[{"name":"wp","href":"https:\/\/api.w.org\/{rel}","templated":true}]}}