{"id":14771,"date":"2023-02-06T18:43:31","date_gmt":"2023-02-06T16:43:31","guid":{"rendered":"https:\/\/farineracoromina.com\/?post_type=product&#038;p=14771"},"modified":"2023-03-30T12:09:33","modified_gmt":"2023-03-30T10:09:33","slug":"harina-pirineos","status":"publish","type":"product","link":"https:\/\/farineracoromina.com\/fr\/producte\/harina-pirineos\/","title":{"rendered":"Harina Pirineos"},"content":{"rendered":"","protected":false},"excerpt":{"rendered":"<p>La Harina Pirineos es una de nuestras harinas estrella.<\/p>\n<p>La harina Pirineos es una harina elaborada a partir de la mejor selecci\u00f3n de trigos de calidad, con el objetivo de\u00a0ofrecer\u00a0una harina excelente para la elaboraci\u00f3n de panes con estilo r\u00fastico. Aporta un toque r\u00fastico y un sabor muy agradable con una excelente conservaci\u00f3n, con una corteza crujiente y una miga cremosa y \u00fanica.<\/p>\n<p>Gracias a su alta capacidad de\u00a0hidrataci\u00f3n,\u00a0esta harina admite procesos de largas fermentaciones con altas hidrataciones y masas madres naturales, permitiendo as\u00ed elaborar todo tipo de panes, desde un pan pay\u00e9s hasta un pan gallego.<\/p>\n<p>La Harina Pirineos se convertir\u00e1 en la harina de referencia para la elaboraci\u00f3n de todos los panes que necesitan una harina de calidad.<\/p>\n<p>Elegir la Pirineos es elegir la v\u00eda del \u00e9xito.<\/p>\n","protected":false},"featured_media":15349,"comment_status":"closed","ping_status":"closed","template":"","meta":{"_acf_changed":false},"product_brand":[],"product_cat":[229,222],"product_tag":[],"class_list":{"0":"post-14771","1":"product","2":"type-product","3":"status-publish","4":"has-post-thumbnail","6":"product_cat-gama-can-trull-es","7":"product_cat-harinas-para-pan","9":"first","10":"instock","11":"featured","12":"shipping-taxable","13":"product-type-simple"},"acf":[],"_links":{"self":[{"href":"https:\/\/farineracoromina.com\/fr\/wp-json\/wp\/v2\/product\/14771","targetHints":{"allow":["GET"]}}],"collection":[{"href":"https:\/\/farineracoromina.com\/fr\/wp-json\/wp\/v2\/product"}],"about":[{"href":"https:\/\/farineracoromina.com\/fr\/wp-json\/wp\/v2\/types\/product"}],"replies":[{"embeddable":true,"href":"https:\/\/farineracoromina.com\/fr\/wp-json\/wp\/v2\/comments?post=14771"}],"wp:featuredmedia":[{"embeddable":true,"href":"https:\/\/farineracoromina.com\/fr\/wp-json\/wp\/v2\/media\/15349"}],"wp:attachment":[{"href":"https:\/\/farineracoromina.com\/fr\/wp-json\/wp\/v2\/media?parent=14771"}],"wp:term":[{"taxonomy":"product_brand","embeddable":true,"href":"https:\/\/farineracoromina.com\/fr\/wp-json\/wp\/v2\/product_brand?post=14771"},{"taxonomy":"product_cat","embeddable":true,"href":"https:\/\/farineracoromina.com\/fr\/wp-json\/wp\/v2\/product_cat?post=14771"},{"taxonomy":"product_tag","embeddable":true,"href":"https:\/\/farineracoromina.com\/fr\/wp-json\/wp\/v2\/product_tag?post=14771"}],"curies":[{"name":"wp","href":"https:\/\/api.w.org\/{rel}","templated":true}]}}