{"id":14775,"date":"2023-02-06T20:22:23","date_gmt":"2023-02-06T18:22:23","guid":{"rendered":"https:\/\/farineracoromina.com\/?post_type=product&#038;p=14775"},"modified":"2025-02-10T13:36:23","modified_gmt":"2025-02-10T11:36:23","slug":"gran-fuerza-00","status":"publish","type":"product","link":"https:\/\/farineracoromina.com\/fr\/producte\/gran-fuerza-00\/","title":{"rendered":"Gran Fuerza 00"},"content":{"rendered":"","protected":false},"excerpt":{"rendered":"<p>Harina de Gran Fuerza, sin aditivos, especialmente dise\u00f1ada para profesionales que buscan una harina de alta fuerza con excelente extensibilidad. Esta harina es perfecta para la elaboraci\u00f3n de croissants, cocas de San Juan, brioche, panes de leche, panes de molde, entre otros, <strong>sin necesidad de ning\u00fan tipo de aditivo<\/strong>.<\/p>\n<p>Gracias a los trigos utilizados, esta harina puede aguantar largas fermentaciones y tambi\u00e9n periodos de congelaci\u00f3n<strong> sin tener que ser corregida<\/strong> con \u00e1cido asc\u00f3rbico o mejorantes de panificaci\u00f3n.<\/p>\n<p>&nbsp;<\/p>\n","protected":false},"featured_media":14343,"comment_status":"closed","ping_status":"closed","template":"","meta":{"_acf_changed":false},"product_brand":[],"product_cat":[225,219,217,222,223],"product_tag":[],"class_list":{"0":"post-14775","1":"product","2":"type-product","3":"status-publish","4":"has-post-thumbnail","6":"product_cat-gran-fuerza","7":"product_cat-harinas-de-gran-fuerza","8":"product_cat-harinas-originales","9":"product_cat-harinas-para-pan","10":"product_cat-harinas-para-pasteleria","12":"first","13":"instock","14":"shipping-taxable","15":"product-type-simple"},"acf":[],"_links":{"self":[{"href":"https:\/\/farineracoromina.com\/fr\/wp-json\/wp\/v2\/product\/14775","targetHints":{"allow":["GET"]}}],"collection":[{"href":"https:\/\/farineracoromina.com\/fr\/wp-json\/wp\/v2\/product"}],"about":[{"href":"https:\/\/farineracoromina.com\/fr\/wp-json\/wp\/v2\/types\/product"}],"replies":[{"embeddable":true,"href":"https:\/\/farineracoromina.com\/fr\/wp-json\/wp\/v2\/comments?post=14775"}],"wp:featuredmedia":[{"embeddable":true,"href":"https:\/\/farineracoromina.com\/fr\/wp-json\/wp\/v2\/media\/14343"}],"wp:attachment":[{"href":"https:\/\/farineracoromina.com\/fr\/wp-json\/wp\/v2\/media?parent=14775"}],"wp:term":[{"taxonomy":"product_brand","embeddable":true,"href":"https:\/\/farineracoromina.com\/fr\/wp-json\/wp\/v2\/product_brand?post=14775"},{"taxonomy":"product_cat","embeddable":true,"href":"https:\/\/farineracoromina.com\/fr\/wp-json\/wp\/v2\/product_cat?post=14775"},{"taxonomy":"product_tag","embeddable":true,"href":"https:\/\/farineracoromina.com\/fr\/wp-json\/wp\/v2\/product_tag?post=14775"}],"curies":[{"name":"wp","href":"https:\/\/api.w.org\/{rel}","templated":true}]}}