{"id":14777,"date":"2023-02-06T19:27:40","date_gmt":"2023-02-06T17:27:40","guid":{"rendered":"https:\/\/farineracoromina.com\/?post_type=product&#038;p=14777"},"modified":"2023-03-24T13:13:35","modified_gmt":"2023-03-24T11:13:35","slug":"meule-bio-cereales-et-graines","status":"publish","type":"product","link":"https:\/\/farineracoromina.com\/fr\/producte\/meule-bio-cereales-et-graines\/","title":{"rendered":"Meule BIO C\u00e9r\u00e9ales et Graines"},"content":{"rendered":"","protected":false},"excerpt":{"rendered":"<p>La Meule BIO C\u00e9r\u00e9ales et Graines es la harina ecol\u00f3gica a la piedra perfecta para realizar unos panes ecol\u00f3gicos con semillas. Esta harina incorpora un mejorante especialmente dise\u00f1ado para mejorar el comportamiento de la masa en trabajos m\u00e1s mec\u00e1nicos o exigentes.<\/p>\n","protected":false},"featured_media":17123,"comment_status":"closed","ping_status":"closed","template":"","meta":{"_acf_changed":false},"product_brand":[],"product_cat":[232,222,230],"product_tag":[],"class_list":{"0":"post-14777","1":"product","2":"type-product","3":"status-publish","4":"has-post-thumbnail","6":"product_cat-a-la-piedra-bio","7":"product_cat-harinas-para-pan","8":"product_cat-moulin-de-colagne-es","10":"first","11":"instock","12":"shipping-taxable","13":"product-type-simple"},"acf":[],"_links":{"self":[{"href":"https:\/\/farineracoromina.com\/fr\/wp-json\/wp\/v2\/product\/14777","targetHints":{"allow":["GET"]}}],"collection":[{"href":"https:\/\/farineracoromina.com\/fr\/wp-json\/wp\/v2\/product"}],"about":[{"href":"https:\/\/farineracoromina.com\/fr\/wp-json\/wp\/v2\/types\/product"}],"replies":[{"embeddable":true,"href":"https:\/\/farineracoromina.com\/fr\/wp-json\/wp\/v2\/comments?post=14777"}],"wp:featuredmedia":[{"embeddable":true,"href":"https:\/\/farineracoromina.com\/fr\/wp-json\/wp\/v2\/media\/17123"}],"wp:attachment":[{"href":"https:\/\/farineracoromina.com\/fr\/wp-json\/wp\/v2\/media?parent=14777"}],"wp:term":[{"taxonomy":"product_brand","embeddable":true,"href":"https:\/\/farineracoromina.com\/fr\/wp-json\/wp\/v2\/product_brand?post=14777"},{"taxonomy":"product_cat","embeddable":true,"href":"https:\/\/farineracoromina.com\/fr\/wp-json\/wp\/v2\/product_cat?post=14777"},{"taxonomy":"product_tag","embeddable":true,"href":"https:\/\/farineracoromina.com\/fr\/wp-json\/wp\/v2\/product_tag?post=14777"}],"curies":[{"name":"wp","href":"https:\/\/api.w.org\/{rel}","templated":true}]}}