{"id":14778,"date":"2023-02-06T19:27:33","date_gmt":"2023-02-06T17:27:33","guid":{"rendered":"https:\/\/farineracoromina.com\/?post_type=product&#038;p=14778"},"modified":"2024-04-08T14:27:36","modified_gmt":"2024-04-08T12:27:36","slug":"meule-bio-t150","status":"publish","type":"product","link":"https:\/\/farineracoromina.com\/fr\/producte\/meule-bio-t150\/","title":{"rendered":"Meule BIO T150"},"content":{"rendered":"","protected":false},"excerpt":{"rendered":"<p>Esta harina integral ecol\u00f3gica permite elaborar <strong>panes ecol\u00f3gicos integrales con excelente desarrollo<\/strong>, aromas, sabores y texturas. Su alta capacidad de absorci\u00f3n la ha convertido en una de las referencias del mercado de los panes ecol\u00f3gicos integrales. La Meule BIO T150 permite ser utilizada con muchas t\u00e9cnicas destacando las fermentaciones largas en fr\u00edo para potenciar sus aromas. Es la harina id\u00f3nea para la elaboraci\u00f3n de masas madres integrales para obtener panes 100% integrales. Asociada con un centeno ecol\u00f3gico integral, como la harina de Centeno BIO T130, permite elaborar unos panes trigo\/centeno integrales riqu\u00edsimos.<\/p>\n","protected":false},"featured_media":17136,"comment_status":"closed","ping_status":"closed","template":"","meta":{"_acf_changed":false},"product_brand":[],"product_cat":[232,222,230],"product_tag":[],"class_list":{"0":"post-14778","1":"product","2":"type-product","3":"status-publish","4":"has-post-thumbnail","6":"product_cat-a-la-piedra-bio","7":"product_cat-harinas-para-pan","8":"product_cat-moulin-de-colagne-es","10":"first","11":"instock","12":"shipping-taxable","13":"product-type-simple"},"acf":[],"_links":{"self":[{"href":"https:\/\/farineracoromina.com\/fr\/wp-json\/wp\/v2\/product\/14778","targetHints":{"allow":["GET"]}}],"collection":[{"href":"https:\/\/farineracoromina.com\/fr\/wp-json\/wp\/v2\/product"}],"about":[{"href":"https:\/\/farineracoromina.com\/fr\/wp-json\/wp\/v2\/types\/product"}],"replies":[{"embeddable":true,"href":"https:\/\/farineracoromina.com\/fr\/wp-json\/wp\/v2\/comments?post=14778"}],"wp:featuredmedia":[{"embeddable":true,"href":"https:\/\/farineracoromina.com\/fr\/wp-json\/wp\/v2\/media\/17136"}],"wp:attachment":[{"href":"https:\/\/farineracoromina.com\/fr\/wp-json\/wp\/v2\/media?parent=14778"}],"wp:term":[{"taxonomy":"product_brand","embeddable":true,"href":"https:\/\/farineracoromina.com\/fr\/wp-json\/wp\/v2\/product_brand?post=14778"},{"taxonomy":"product_cat","embeddable":true,"href":"https:\/\/farineracoromina.com\/fr\/wp-json\/wp\/v2\/product_cat?post=14778"},{"taxonomy":"product_tag","embeddable":true,"href":"https:\/\/farineracoromina.com\/fr\/wp-json\/wp\/v2\/product_tag?post=14778"}],"curies":[{"name":"wp","href":"https:\/\/api.w.org\/{rel}","templated":true}]}}