{"id":14780,"date":"2023-02-06T19:26:00","date_gmt":"2023-02-06T17:26:00","guid":{"rendered":"https:\/\/farineracoromina.com\/?post_type=product&#038;p=14780"},"modified":"2023-03-24T13:13:35","modified_gmt":"2023-03-24T11:13:35","slug":"meule-bio-t80","status":"publish","type":"product","link":"https:\/\/farineracoromina.com\/fr\/producte\/meule-bio-t80\/","title":{"rendered":"Meule BIO T80"},"content":{"rendered":"","protected":false},"excerpt":{"rendered":"<p>Esta harina a la piedra permite elaborar trabajos de diferentes niveles t\u00e9cnicos, de los m\u00e1s sencillos (directo con levadura) a los m\u00e1s exigentes (largas fermentaciones con masas madres naturales). Tambi\u00e9n permite elaborar masas madre naturales ideal para panes ecol\u00f3gicos con harinas a la piedra o de cilindro. Asociada con nuestra gama de harinas ecol\u00f3gicas de cilindro, desarrollar\u00e1 una gama m\u00e1s amplia de panes ecol\u00f3gicos.<\/p>\n","protected":false},"featured_media":17136,"comment_status":"closed","ping_status":"closed","template":"","meta":{"_acf_changed":false},"product_brand":[],"product_cat":[232,222,230],"product_tag":[],"class_list":{"0":"post-14780","1":"product","2":"type-product","3":"status-publish","4":"has-post-thumbnail","6":"product_cat-a-la-piedra-bio","7":"product_cat-harinas-para-pan","8":"product_cat-moulin-de-colagne-es","10":"first","11":"instock","12":"shipping-taxable","13":"product-type-simple"},"acf":[],"_links":{"self":[{"href":"https:\/\/farineracoromina.com\/fr\/wp-json\/wp\/v2\/product\/14780","targetHints":{"allow":["GET"]}}],"collection":[{"href":"https:\/\/farineracoromina.com\/fr\/wp-json\/wp\/v2\/product"}],"about":[{"href":"https:\/\/farineracoromina.com\/fr\/wp-json\/wp\/v2\/types\/product"}],"replies":[{"embeddable":true,"href":"https:\/\/farineracoromina.com\/fr\/wp-json\/wp\/v2\/comments?post=14780"}],"wp:featuredmedia":[{"embeddable":true,"href":"https:\/\/farineracoromina.com\/fr\/wp-json\/wp\/v2\/media\/17136"}],"wp:attachment":[{"href":"https:\/\/farineracoromina.com\/fr\/wp-json\/wp\/v2\/media?parent=14780"}],"wp:term":[{"taxonomy":"product_brand","embeddable":true,"href":"https:\/\/farineracoromina.com\/fr\/wp-json\/wp\/v2\/product_brand?post=14780"},{"taxonomy":"product_cat","embeddable":true,"href":"https:\/\/farineracoromina.com\/fr\/wp-json\/wp\/v2\/product_cat?post=14780"},{"taxonomy":"product_tag","embeddable":true,"href":"https:\/\/farineracoromina.com\/fr\/wp-json\/wp\/v2\/product_tag?post=14780"}],"curies":[{"name":"wp","href":"https:\/\/api.w.org\/{rel}","templated":true}]}}