{"id":14783,"date":"2023-03-14T12:41:27","date_gmt":"2023-03-14T10:41:27","guid":{"rendered":"https:\/\/farineracoromina.com\/?post_type=product&#038;p=14783"},"modified":"2023-03-24T13:13:34","modified_gmt":"2023-03-24T11:13:34","slug":"harina-de-arroz","status":"publish","type":"product","link":"https:\/\/farineracoromina.com\/fr\/producte\/harina-de-arroz\/","title":{"rendered":"Harina de Arroz"},"content":{"rendered":"","protected":false},"excerpt":{"rendered":"<p>La harina de arroz se utiliza para creaciones asociadas con la elaboraci\u00f3n de <strong>panes de arroz y espelta<\/strong>, usando un escaldado de arroz. Esta harina tambi\u00e9n es muy \u00fatil para espolvorear las telas de lino cuando se trabaja en fermentaci\u00f3n controlada.<\/p>\n","protected":false},"featured_media":14462,"comment_status":"open","ping_status":"closed","template":"","meta":{"_acf_changed":false},"product_brand":[],"product_cat":[222,209],"product_tag":[],"class_list":{"0":"post-14783","1":"product","2":"type-product","3":"status-publish","4":"has-post-thumbnail","6":"product_cat-harinas-para-pan","7":"product_cat-otros-cereales","9":"first","10":"instock","11":"shipping-taxable","12":"product-type-simple"},"acf":[],"_links":{"self":[{"href":"https:\/\/farineracoromina.com\/fr\/wp-json\/wp\/v2\/product\/14783","targetHints":{"allow":["GET"]}}],"collection":[{"href":"https:\/\/farineracoromina.com\/fr\/wp-json\/wp\/v2\/product"}],"about":[{"href":"https:\/\/farineracoromina.com\/fr\/wp-json\/wp\/v2\/types\/product"}],"replies":[{"embeddable":true,"href":"https:\/\/farineracoromina.com\/fr\/wp-json\/wp\/v2\/comments?post=14783"}],"wp:featuredmedia":[{"embeddable":true,"href":"https:\/\/farineracoromina.com\/fr\/wp-json\/wp\/v2\/media\/14462"}],"wp:attachment":[{"href":"https:\/\/farineracoromina.com\/fr\/wp-json\/wp\/v2\/media?parent=14783"}],"wp:term":[{"taxonomy":"product_brand","embeddable":true,"href":"https:\/\/farineracoromina.com\/fr\/wp-json\/wp\/v2\/product_brand?post=14783"},{"taxonomy":"product_cat","embeddable":true,"href":"https:\/\/farineracoromina.com\/fr\/wp-json\/wp\/v2\/product_cat?post=14783"},{"taxonomy":"product_tag","embeddable":true,"href":"https:\/\/farineracoromina.com\/fr\/wp-json\/wp\/v2\/product_tag?post=14783"}],"curies":[{"name":"wp","href":"https:\/\/api.w.org\/{rel}","templated":true}]}}