{"id":14784,"date":"2023-03-14T12:44:19","date_gmt":"2023-03-14T10:44:19","guid":{"rendered":"https:\/\/farineracoromina.com\/?post_type=product&#038;p=14784"},"modified":"2025-04-16T11:34:41","modified_gmt":"2025-04-16T09:34:41","slug":"harina-de-espelta-blanca","status":"publish","type":"product","link":"https:\/\/farineracoromina.com\/fr\/producte\/harina-de-espelta-blanca\/","title":{"rendered":"Harina de Espelta Blanca"},"content":{"rendered":"","protected":false},"excerpt":{"rendered":"<p class=\"western\" lang=\"ca-ES\"><span lang=\"es-ES\">Esta<\/span><span lang=\"es-ES\"> harina se ha convertido en la harina estrella en muchos obradores no solamente por su capacidad de dar unos panes 100% de espelta, sino tambi\u00e9n por su capacidad de <strong>asociarse con harinas de otros cereales<\/strong> como las de ma\u00edz, qu\u00ednoa o sarraceno. La asociaci\u00f3n con harinas de otros cereales se puede hacer a trav\u00e9s de masas escaldadas de manera muy f\u00e1cil y con unos resultados de gran calidad.<\/span><span lang=\"es-ES\"> \u00a0La harina de espelta blanca, adem\u00e1s de pan, permite hacer pastas, galletas, pizzas y se adapta tanto a trabajos en directo como en largas fermentaciones, con o sin masa madre. <\/span><\/p>\n","protected":false},"featured_media":18735,"comment_status":"open","ping_status":"closed","template":"","meta":{"_acf_changed":false},"product_brand":[],"product_cat":[214,212,222],"product_tag":[],"class_list":{"0":"post-14784","1":"product","2":"type-product","3":"status-publish","4":"has-post-thumbnail","6":"product_cat-harinas-de-espelta","7":"product_cat-harinas-especiales","8":"product_cat-harinas-para-pan","10":"first","11":"instock","12":"shipping-taxable","13":"product-type-simple"},"acf":[],"_links":{"self":[{"href":"https:\/\/farineracoromina.com\/fr\/wp-json\/wp\/v2\/product\/14784","targetHints":{"allow":["GET"]}}],"collection":[{"href":"https:\/\/farineracoromina.com\/fr\/wp-json\/wp\/v2\/product"}],"about":[{"href":"https:\/\/farineracoromina.com\/fr\/wp-json\/wp\/v2\/types\/product"}],"replies":[{"embeddable":true,"href":"https:\/\/farineracoromina.com\/fr\/wp-json\/wp\/v2\/comments?post=14784"}],"wp:featuredmedia":[{"embeddable":true,"href":"https:\/\/farineracoromina.com\/fr\/wp-json\/wp\/v2\/media\/18735"}],"wp:attachment":[{"href":"https:\/\/farineracoromina.com\/fr\/wp-json\/wp\/v2\/media?parent=14784"}],"wp:term":[{"taxonomy":"product_brand","embeddable":true,"href":"https:\/\/farineracoromina.com\/fr\/wp-json\/wp\/v2\/product_brand?post=14784"},{"taxonomy":"product_cat","embeddable":true,"href":"https:\/\/farineracoromina.com\/fr\/wp-json\/wp\/v2\/product_cat?post=14784"},{"taxonomy":"product_tag","embeddable":true,"href":"https:\/\/farineracoromina.com\/fr\/wp-json\/wp\/v2\/product_tag?post=14784"}],"curies":[{"name":"wp","href":"https:\/\/api.w.org\/{rel}","templated":true}]}}