{"id":18730,"date":"2023-02-06T19:36:54","date_gmt":"2023-02-06T17:36:54","guid":{"rendered":"https:\/\/farineracoromina.com\/producte\/semoule-de-ble-dur\/"},"modified":"2023-02-06T19:36:54","modified_gmt":"2023-02-06T17:36:54","slug":"semoule-de-ble-dur","status":"publish","type":"product","link":"https:\/\/farineracoromina.com\/fr\/producte\/semoule-de-ble-dur\/","title":{"rendered":"Semoule de Bl\u00e9 Dur"},"content":{"rendered":"<p>La <strong>semoule de bl\u00e9<\/strong> dur offre une grande <strong>polyvalence <\/strong>et une texture id\u00e9ale, issue de grains soigneusement s\u00e9lectionn\u00e9s. Parfaite pour la pr\u00e9paration de p\u00e2tes, pour saupoudrer les p\u00e2tes ou les toiles de lin, \u00e9taler les fonds de pizza et pour une grande vari\u00e9t\u00e9 de plats sucr\u00e9s et sal\u00e9s comme le couscous, la basboussa, le pain plat ou les lasagnes. <\/p>\n<p>Elle offre une excellente consistance, une saveur naturelle et une absorption optimale.<\/p>\n<p>Points forts :<\/p>\n<ul>\n<li>Hydratation sup\u00e9rieure de 4 \u00e0 8 %<\/li>\n<li>Meilleure fermentation gr\u00e2ce \u00e0 la pr\u00e9sence des germes de bl\u00e9<\/li>\n<li>Pain plus aromatique et savoureux<\/li>\n<li>Conservation naturelle durable<\/li>\n<\/ul>\n","protected":false},"excerpt":{"rendered":"<p>La semoule de bl\u00e9 dur offre une grande polyvalence et une texture id\u00e9ale, issue de grains soigneusement s\u00e9lectionn\u00e9s. Parfaite pour<\/p>\n","protected":false},"featured_media":16217,"comment_status":"closed","ping_status":"closed","template":"","meta":{"_acf_changed":false},"product_brand":[],"product_cat":[355,354],"product_tag":[],"class_list":{"0":"post-18730","1":"product","2":"type-product","3":"status-publish","4":"has-post-thumbnail","6":"product_cat-autres-cereales","7":"product_cat-farines-pour-pa","8":"pa_format-25kg-fr","10":"first","11":"instock","12":"shipping-taxable","13":"product-type-simple"},"acf":[],"_links":{"self":[{"href":"https:\/\/farineracoromina.com\/fr\/wp-json\/wp\/v2\/product\/18730","targetHints":{"allow":["GET"]}}],"collection":[{"href":"https:\/\/farineracoromina.com\/fr\/wp-json\/wp\/v2\/product"}],"about":[{"href":"https:\/\/farineracoromina.com\/fr\/wp-json\/wp\/v2\/types\/product"}],"replies":[{"embeddable":true,"href":"https:\/\/farineracoromina.com\/fr\/wp-json\/wp\/v2\/comments?post=18730"}],"wp:featuredmedia":[{"embeddable":true,"href":"https:\/\/farineracoromina.com\/fr\/wp-json\/wp\/v2\/media\/16217"}],"wp:attachment":[{"href":"https:\/\/farineracoromina.com\/fr\/wp-json\/wp\/v2\/media?parent=18730"}],"wp:term":[{"taxonomy":"product_brand","embeddable":true,"href":"https:\/\/farineracoromina.com\/fr\/wp-json\/wp\/v2\/product_brand?post=18730"},{"taxonomy":"product_cat","embeddable":true,"href":"https:\/\/farineracoromina.com\/fr\/wp-json\/wp\/v2\/product_cat?post=18730"},{"taxonomy":"product_tag","embeddable":true,"href":"https:\/\/farineracoromina.com\/fr\/wp-json\/wp\/v2\/product_tag?post=18730"}],"curies":[{"name":"wp","href":"https:\/\/api.w.org\/{rel}","templated":true}]}}